{"id":3004,"date":"2025-02-18T16:51:14","date_gmt":"2025-02-18T15:51:14","guid":{"rendered":"https:\/\/www.volcanokrafft.com\/inspire\/"},"modified":"2025-03-13T18:18:39","modified_gmt":"2025-03-13T17:18:39","slug":"inspire","status":"publish","type":"page","link":"https:\/\/www.volcanokrafft.com\/en\/inspire\/","title":{"rendered":"Inspire"},"content":{"rendered":"<p><div class=\"fusion-fullwidth fullwidth-box fusion-builder-row-1 fusion-flex-container has-pattern-background has-mask-background nonhundred-percent-fullwidth non-hundred-percent-height-scrolling\" style=\"--awb-border-radius-top-left:0px;--awb-border-radius-top-right:0px;--awb-border-radius-bottom-right:0px;--awb-border-radius-bottom-left:0px;--awb-margin-bottom:50px;--awb-flex-wrap:wrap;\" ><div class=\"fusion-builder-row fusion-row fusion-flex-align-items-flex-start fusion-flex-content-wrap\" style=\"max-width:1404px;margin-left: calc(-4% \/ 2 );margin-right: calc(-4% \/ 2 );\"><div class=\"fusion-layout-column fusion_builder_column fusion-builder-column-0 fusion_builder_column_1_1 1_1 fusion-flex-column\" style=\"--awb-bg-size:cover;--awb-width-large:100%;--awb-margin-top-large:0px;--awb-spacing-right-large:1.92%;--awb-margin-bottom-large:20px;--awb-spacing-left-large:1.92%;--awb-width-medium:100%;--awb-order-medium:0;--awb-spacing-right-medium:1.92%;--awb-spacing-left-medium:1.92%;--awb-width-small:100%;--awb-order-small:0;--awb-spacing-right-small:1.92%;--awb-spacing-left-small:1.92%;\"><div class=\"fusion-column-wrapper fusion-column-has-shadow fusion-flex-justify-content-flex-start fusion-content-layout-column\"><div class=\"fusion-title title fusion-title-1 fusion-sep-none fusion-title-center fusion-title-text fusion-title-size-one\" style=\"--awb-margin-top-small:10px;--awb-margin-right-small:0px;--awb-margin-bottom-small:10px;--awb-margin-left-small:0px;\"><h1 class=\"fusion-title-heading title-heading-center fusion-responsive-typography-calculated\" style=\"margin:0;text-transform:uppercase;--fontSize:52;line-height:var(--awb-typography1-line-height);\">The scientific legacy of Katia and Maurice Krafft<br \/>Inspiring future generations<\/h1><\/div><\/div><\/div><\/div><\/div><div class=\"fusion-fullwidth fullwidth-box fusion-builder-row-2 fusion-flex-container has-pattern-background has-mask-background nonhundred-percent-fullwidth non-hundred-percent-height-scrolling\" style=\"--awb-border-radius-top-left:0px;--awb-border-radius-top-right:0px;--awb-border-radius-bottom-right:0px;--awb-border-radius-bottom-left:0px;--awb-padding-top:50px;--awb-padding-bottom:50px;--awb-margin-top:0px;--awb-background-color:rgba(28,42,47,0.5);--awb-flex-wrap:wrap;\" ><div class=\"fusion-builder-row fusion-row fusion-flex-align-items-flex-start fusion-flex-justify-content-center fusion-flex-content-wrap\" style=\"max-width:1404px;margin-left: calc(-4% \/ 2 );margin-right: calc(-4% \/ 2 );\"><div class=\"fusion-layout-column fusion_builder_column fusion-builder-column-1 fusion_builder_column_2_3 2_3 fusion-flex-column\" style=\"--awb-bg-size:cover;--awb-width-large:66.666666666667%;--awb-margin-top-large:0px;--awb-spacing-right-large:2.88%;--awb-margin-bottom-large:20px;--awb-spacing-left-large:2.88%;--awb-width-medium:100%;--awb-order-medium:0;--awb-spacing-right-medium:1.92%;--awb-spacing-left-medium:1.92%;--awb-width-small:100%;--awb-order-small:0;--awb-spacing-right-small:1.92%;--awb-spacing-left-small:1.92%;\"><div class=\"fusion-column-wrapper fusion-column-has-shadow fusion-flex-justify-content-flex-start fusion-content-layout-column\"><div class=\"fusion-text fusion-text-1\" style=\"--awb-content-alignment:justify;--awb-text-color:var(--awb-color1);\"><p>Katia et Maurice Krafft ont marqu\u00e9 l\u2019histoire de la volcanologie par leur approche pionni\u00e8re et leur engagement sans faille dans l\u2019\u00e9tude des volcans. Katia Krafft, premi\u00e8re femme volcanologue au monde, a ouvert la voie \u00e0 de nombreuses g\u00e9n\u00e9rations de scientifiques, prouvant que la curiosit\u00e9 et la rigueur scientifique transcendent les fronti\u00e8res et les conventions. Aux c\u00f4t\u00e9s de Maurice, elle a contribu\u00e9 \u00e0 une documentation exceptionnelle des ph\u00e9nom\u00e8nes volcaniques, combinant expertise scientifique et talent de vulgarisation.<\/p>\n<p>Leur travail ne se limitait pas \u00e0 l\u2019\u00e9tude des \u00e9ruptions : ils avaient \u00e0 c\u0153ur de sensibiliser les populations expos\u00e9es aux dangers des volcans. Leur film &#8220;<strong>Les risques volcaniques<\/strong>&#8220;, r\u00e9alis\u00e9 pour l\u2019UNESCO en 1990, demeure une r\u00e9f\u00e9rence essentielle en mati\u00e8re de pr\u00e9vention des catastrophes. En mettant en lumi\u00e8re les m\u00e9canismes des \u00e9ruptions et les mesures de s\u00e9curit\u00e9 n\u00e9cessaires, ils ont permis de sauver d\u2019innombrables vies en rendant la science accessible et compr\u00e9hensible au plus grand nombre.<\/p>\n<p>Aujourd\u2019hui, le fond Krafft perp\u00e9tue cette mission : inspirer les nouvelles g\u00e9n\u00e9rations de chercheurs, de communicants et d\u2019explorateurs \u00e0 travers leur h\u00e9ritage scientifique et visuel. En partageant leurs observations, leurs d\u00e9couvertes et leur passion, nous encourageons chacun \u00e0 poursuivre l\u2019exploration du monde naturel avec la m\u00eame rigueur, la m\u00eame fascination et le m\u00eame engagement en faveur de la connaissance et de la protection des populations.<\/p>\n<p>Que leur travail continue d\u2019\u00e9clairer la science et d\u2019inspirer ceux qui construiront l\u2019avenir de la volcanologie.<\/p>\n<\/div><\/div><\/div><\/div><\/div><div class=\"fusion-fullwidth fullwidth-box fusion-builder-row-3 fusion-flex-container has-pattern-background has-mask-background nonhundred-percent-fullwidth non-hundred-percent-height-scrolling\" style=\"--awb-border-radius-top-left:0px;--awb-border-radius-top-right:0px;--awb-border-radius-bottom-right:0px;--awb-border-radius-bottom-left:0px;--awb-padding-bottom:49px;--awb-background-color:rgba(28,42,47,0.5);--awb-flex-wrap:wrap;\" ><div class=\"fusion-builder-row fusion-row fusion-flex-align-items-flex-start fusion-flex-justify-content-center fusion-flex-content-wrap\" style=\"max-width:1404px;margin-left: calc(-4% \/ 2 );margin-right: calc(-4% \/ 2 );\"><div class=\"fusion-layout-column fusion_builder_column fusion-builder-column-2 fusion_builder_column_3_4 3_4 fusion-flex-column\" style=\"--awb-bg-size:cover;--awb-width-large:75%;--awb-margin-top-large:0px;--awb-spacing-right-large:2.56%;--awb-margin-bottom-large:20px;--awb-spacing-left-large:2.56%;--awb-width-medium:100%;--awb-order-medium:0;--awb-spacing-right-medium:1.92%;--awb-spacing-left-medium:1.92%;--awb-width-small:100%;--awb-order-small:0;--awb-spacing-right-small:1.92%;--awb-spacing-left-small:1.92%;\"><div class=\"fusion-column-wrapper fusion-column-has-shadow fusion-flex-justify-content-flex-start fusion-content-layout-column\"><div class=\"fusion-title title fusion-title-2 fusion-sep-none fusion-title-center fusion-title-text fusion-title-size-one\" style=\"--awb-margin-top-small:10px;--awb-margin-right-small:0px;--awb-margin-bottom-small:10px;--awb-margin-left-small:0px;\"><h1 class=\"fusion-title-heading title-heading-center fusion-responsive-typography-calculated\" style=\"margin:0;--fontSize:52;line-height:var(--awb-typography1-line-height);\"><strong>Volcanic hazards<\/strong><\/h1><\/div><div class=\"fusion-title title fusion-title-3 fusion-sep-none fusion-title-center fusion-title-text fusion-title-size-three\" style=\"--awb-margin-top-small:10px;--awb-margin-right-small:0px;--awb-margin-bottom-small:10px;--awb-margin-left-small:0px;\"><h3 class=\"fusion-title-heading title-heading-center fusion-responsive-typography-calculated\" style=\"margin:0;--fontSize:28;line-height:var(--awb-typography1-line-height);\">Film in partnership with Unesco by Maurice and Katia<br \/>on volcanic hazards<\/h3><\/div><div class=\"fusion-text fusion-text-2\" style=\"--awb-content-alignment:justify;--awb-text-color:var(--awb-color1);\"><p>C\u2019est une longue histoire qui commence le 15 novembre 1985, en Colombie, avec le r\u00e9veil du volcan Nevado Del Ruiz. \u00c1 23h30, en pleine nuit, une masse mouvante de 40 m\u00e8tres de hauteur constitu\u00e9e de boue, de blocs de glace, de troncs d\u2019arbres, de rochers s\u2019abat \u00e0 une vitesse de 35 kilom\u00e8tres \u00e0 l\u2019heure sur la ville d\u2019Armero. Le bilan est effroyable, 22000 morts ! 22000 morts qui auraient pu \u00eatre \u00e9vit\u00e9s si les autorit\u00e9s avaient \u00e9cout\u00e9es les recommandations des scientifiques d\u2019\u00e9vacuer les populations.<\/p>\n<p>Jusqu\u2019\u00e0 ce jour, la beaut\u00e9 et la d\u00e9mesure des \u00e9ruptions volcaniques offraient \u00e0 Maurice et Katia le plus beau des spectacles de la nature, mais apr\u00e8s ce drame, leur monde s\u2019effondre.<\/p>\n<p>Ils pardonnaient tout au volcan sauf de tuer.<\/p>\n<p>Avec l\u2019aide de l\u2019Association internationale de Volcanologie et de Chimie de l\u2018Int\u00e9rieur de la Terre et sous l\u2019\u00e9gide de l\u2019UNESCO, ils doivent r\u00e9aliser deux films vid\u00e9o sur les risques volcaniques. Ces films serviront \u00e0 \u00e9duquer et sensibiliser les responsables sur les dangers que pr\u00e9sentent les \u00e9ruptions volcaniques et surtout \u00e0 les convaincre d\u2019\u00e9vacuer, si n\u00e9cessaire, les populations en toute connaissance de cause. Pendant les quatre ann\u00e9es qui vont suivre ils vont partir \u00e0 la recherche des \u00e9ruptions parmi les plus dangereuses que pr\u00e9sente le volcanisme afin d\u2019y r\u00e9aliser des images. Mettre des images sur des mots. Leur premi\u00e8re cassette vid\u00e9o, diffus\u00e9e en six langues, est mise gratuitement \u00e0 la disposition des gouvernants en 1990.<\/p>\n<p>Cependant, Maurice et Katia KRAFFT ont besoin de nouvelles images afin de r\u00e9aliser leur deuxi\u00e8me film. C\u2019est pourquoi ce 03 juin 1991, Maurice et Katia KRAFFT se retrouvent sur les pentes de l\u2019Unzen Fugen Dake afin d\u2019y filmer des coul\u00e9es pyroclastiques.<\/p>\n<p>Quelques jours apr\u00e8s leur disparition, leur cassette sur les risques volcaniques est<\/p>\n<p>pr\u00e9sent\u00e9e aux autorit\u00e9s philippines qui s\u2019inqui\u00e8tent du r\u00e9veil imminent du volcan Pinatubo. La projection de la vid\u00e9o emportera la d\u00e9cision d&#8217;\u00e9vacuer les flancs du volcan. L\u2019\u00e9ruption du Pinatubo sera r\u00e9pertori\u00e9e comme faisant partie des plus grandes \u00e9ruptions du 20<sup>\u00e8me<\/sup> si\u00e8cle.<\/p>\n<\/div><\/div><\/div><\/div><\/div><\/p>\n","protected":false},"excerpt":{"rendered":"","protected":false},"author":1,"featured_media":0,"parent":0,"menu_order":0,"comment_status":"closed","ping_status":"closed","template":"100-width.php","meta":{"footnotes":""},"class_list":["post-3004","page","type-page","status-publish","hentry"],"_links":{"self":[{"href":"https:\/\/www.volcanokrafft.com\/en\/wp-json\/wp\/v2\/pages\/3004","targetHints":{"allow":["GET"]}}],"collection":[{"href":"https:\/\/www.volcanokrafft.com\/en\/wp-json\/wp\/v2\/pages"}],"about":[{"href":"https:\/\/www.volcanokrafft.com\/en\/wp-json\/wp\/v2\/types\/page"}],"author":[{"embeddable":true,"href":"https:\/\/www.volcanokrafft.com\/en\/wp-json\/wp\/v2\/users\/1"}],"replies":[{"embeddable":true,"href":"https:\/\/www.volcanokrafft.com\/en\/wp-json\/wp\/v2\/comments?post=3004"}],"version-history":[{"count":6,"href":"https:\/\/www.volcanokrafft.com\/en\/wp-json\/wp\/v2\/pages\/3004\/revisions"}],"predecessor-version":[{"id":3077,"href":"https:\/\/www.volcanokrafft.com\/en\/wp-json\/wp\/v2\/pages\/3004\/revisions\/3077"}],"wp:attachment":[{"href":"https:\/\/www.volcanokrafft.com\/en\/wp-json\/wp\/v2\/media?parent=3004"}],"curies":[{"name":"wp","href":"https:\/\/api.w.org\/{rel}","templated":true}]}}